



{"id":7578,"date":"2025-12-05T12:29:02","date_gmt":"2025-12-05T11:29:02","guid":{"rendered":"https:\/\/addenda.com\/?page_id=7578"},"modified":"2025-12-05T13:17:50","modified_gmt":"2025-12-05T12:17:50","slug":"summerfans","status":"publish","type":"page","link":"https:\/\/addenda.com\/fr\/summerfans\/","title":{"rendered":"Summerfans\u00ae"},"content":{"rendered":"<h2><em>Scaevola FanFana\u00ae<\/em>: fan de soleil et d&rsquo;\u00e9t\u00e9!<\/h2>\n<p>La Scaevola FanFana\u00ae adore le soleil ! Elle apporte couleur et joie estivale \u00e0 votre jardin gr\u00e2ce \u00e0 sa croissance de forme ludique et \u00e0 sa splendeur florale exub\u00e9rante, du d\u00e9ut de l&rsquo;\u00e9t\u00e9 \u00e0 la fin octobre. La FanFana\u00ae est une plante annuelle \u00e0 floraison estivale qui n\u00e9cessite peu d&rsquo;entretien : un arrosage r\u00e9gulier et un peu de soins suffisent \u00e0 la maintenir en pleine floraison.<\/p>\n","protected":false},"excerpt":{"rendered":"<p>Scaevola FanFana\u00ae: fan de soleil et d&rsquo;\u00e9t\u00e9! La Scaevola FanFana\u00ae adore le soleil ! Elle apporte couleur et joie estivale \u00e0 votre jardin gr\u00e2ce \u00e0 sa croissance de forme ludique et \u00e0 sa splendeur florale exub\u00e9rante, du d\u00e9ut de l&rsquo;\u00e9t\u00e9 \u00e0 la fin octobre. La FanFana\u00ae est une plante annuelle \u00e0 floraison estivale qui n\u00e9cessite [&hellip;]<\/p>\n","protected":false},"author":1,"featured_media":7607,"parent":0,"menu_order":46,"comment_status":"closed","ping_status":"closed","template":"page-templates\/page-our_plants_fanfana.php","meta":{"_acf_changed":false,"footnotes":""},"class_list":["post-7578","page","type-page","status-publish","has-post-thumbnail","hentry"],"acf":[],"_links":{"self":[{"href":"https:\/\/addenda.com\/fr\/wp-json\/wp\/v2\/pages\/7578","targetHints":{"allow":["GET"]}}],"collection":[{"href":"https:\/\/addenda.com\/fr\/wp-json\/wp\/v2\/pages"}],"about":[{"href":"https:\/\/addenda.com\/fr\/wp-json\/wp\/v2\/types\/page"}],"author":[{"embeddable":true,"href":"https:\/\/addenda.com\/fr\/wp-json\/wp\/v2\/users\/1"}],"replies":[{"embeddable":true,"href":"https:\/\/addenda.com\/fr\/wp-json\/wp\/v2\/comments?post=7578"}],"version-history":[{"count":7,"href":"https:\/\/addenda.com\/fr\/wp-json\/wp\/v2\/pages\/7578\/revisions"}],"predecessor-version":[{"id":7653,"href":"https:\/\/addenda.com\/fr\/wp-json\/wp\/v2\/pages\/7578\/revisions\/7653"}],"wp:featuredmedia":[{"embeddable":true,"href":"https:\/\/addenda.com\/fr\/wp-json\/wp\/v2\/media\/7607"}],"wp:attachment":[{"href":"https:\/\/addenda.com\/fr\/wp-json\/wp\/v2\/media?parent=7578"}],"curies":[{"name":"wp","href":"https:\/\/api.w.org\/{rel}","templated":true}]}}