



{"id":7556,"date":"2025-12-05T10:41:18","date_gmt":"2025-12-05T09:41:18","guid":{"rendered":"https:\/\/addenda.com\/?page_id=7556"},"modified":"2025-12-05T12:00:13","modified_gmt":"2025-12-05T11:00:13","slug":"entretien-scaevola-fanfana","status":"publish","type":"page","link":"https:\/\/addenda.com\/fr\/entretien-scaevola-fanfana\/","title":{"rendered":"Scaevola FanFana\u00ae"},"content":{"rendered":"<h1><em>Scaevola FanFana\u00ae<\/em>: fan de soleil et d&rsquo;\u00e9t\u00e9!<\/h1>\n<p>La Scaevola FanFana\u00ae est une plante qui adore le soleil. Cette plante r\u00e9sistante \u00e0 la chaleur fleurit abondamment, de mai \u00e0 octobre, avec des fleurs en forme d&rsquo;\u00e9ventail de couleur pourpre, bleue, blanche et rose. Son caract\u00e8re rampant et retombant le rend parfait pour les pots, les parterres ou comme couvre-sol. La FanFana\u00ae est une plante annuelle \u00e0 floraison estivale, facile \u00e0 entretenir, qui adore \u00eatre au soleil et qui vous offrira de la couleur tout au long de l\u2019\u00e9t\u00e9 !<\/p>\n","protected":false},"excerpt":{"rendered":"<p>Scaevola FanFana\u00ae: fan de soleil et d&rsquo;\u00e9t\u00e9! La Scaevola FanFana\u00ae est une plante qui adore le soleil. Cette plante r\u00e9sistante \u00e0 la chaleur fleurit abondamment, de mai \u00e0 octobre, avec des fleurs en forme d&rsquo;\u00e9ventail de couleur pourpre, bleue, blanche et rose. Son caract\u00e8re rampant et retombant le rend parfait pour les pots, les parterres [&hellip;]<\/p>\n","protected":false},"author":1,"featured_media":7632,"parent":0,"menu_order":34,"comment_status":"closed","ping_status":"closed","template":"page-templates\/page-care_fanfana.php","meta":{"_acf_changed":false,"footnotes":""},"class_list":["post-7556","page","type-page","status-publish","has-post-thumbnail","hentry"],"acf":[],"_links":{"self":[{"href":"https:\/\/addenda.com\/fr\/wp-json\/wp\/v2\/pages\/7556","targetHints":{"allow":["GET"]}}],"collection":[{"href":"https:\/\/addenda.com\/fr\/wp-json\/wp\/v2\/pages"}],"about":[{"href":"https:\/\/addenda.com\/fr\/wp-json\/wp\/v2\/types\/page"}],"author":[{"embeddable":true,"href":"https:\/\/addenda.com\/fr\/wp-json\/wp\/v2\/users\/1"}],"replies":[{"embeddable":true,"href":"https:\/\/addenda.com\/fr\/wp-json\/wp\/v2\/comments?post=7556"}],"version-history":[{"count":6,"href":"https:\/\/addenda.com\/fr\/wp-json\/wp\/v2\/pages\/7556\/revisions"}],"predecessor-version":[{"id":7638,"href":"https:\/\/addenda.com\/fr\/wp-json\/wp\/v2\/pages\/7556\/revisions\/7638"}],"wp:featuredmedia":[{"embeddable":true,"href":"https:\/\/addenda.com\/fr\/wp-json\/wp\/v2\/media\/7632"}],"wp:attachment":[{"href":"https:\/\/addenda.com\/fr\/wp-json\/wp\/v2\/media?parent=7556"}],"curies":[{"name":"wp","href":"https:\/\/api.w.org\/{rel}","templated":true}]}}