



{"id":4044,"date":"2024-01-11T13:50:35","date_gmt":"2024-01-11T12:50:35","guid":{"rendered":"https:\/\/addenda.com\/?page_id=4044"},"modified":"2024-01-11T15:15:15","modified_gmt":"2024-01-11T14:15:15","slug":"conditions-generales-pour-la-location-du-trone-de-miel-addenda","status":"publish","type":"page","link":"https:\/\/addenda.com\/fr\/conditions-generales-pour-la-location-du-trone-de-miel-addenda\/","title":{"rendered":"Conditions g\u00e9n\u00e9rales pour la location du Tr\u00f4ne de miel Addenda\u00ae"},"content":{"rendered":"<h1><strong>Conditions g\u00e9n\u00e9rales pour la location du Tr\u00f4ne de miel Addenda\u00ae <\/strong><\/h1>\n<ul>\n<li>Le Tr\u00f4ne de miel Addenda\u00ae est un meuble en bois qui sert \u00e0 promouvoir les Campanula Addenda\u00ae et\/ou Hebe Addenda\u00ae dans les jardineries.<\/li>\n<\/ul>\n<p>&nbsp;<\/p>\n<ul>\n<li>Le Tr\u00f4ne de miel Addenda\u00ae appartient \u00e0 Addenda\u00ae et est lou\u00e9 comme outil promotionnel aux points de vente Addenda\u00ae pendant la p\u00e9riode de vente des Campanula Addenda\u00ae et\/ou Hebe Addenda\u00ae.<\/li>\n<li><\/li>\n<li>Le co\u00fbt de la location est<strong> gratuit<\/strong>, \u00e0 l\u2019exclusion des frais de transport, sauf accord contraire avec le loueur.<\/li>\n<\/ul>\n<p><strong>Transport<\/strong><\/p>\n<ul>\n<li>La partie qui loue le \u00ab\u00a0Tr\u00f4ne de miel Addenda\u00a0\u00bb est responsable de l\u2019organisation de l\u2019ensemble du transport et prend en charge les frais y aff\u00e9rents. Le Tr\u00f4ne de miel Addenda\u00ae est disponible \u00e0 une adresse situ\u00e9e pr\u00e8s de Westland, aux Pays-Bas.<\/li>\n<\/ul>\n<p>&nbsp;<\/p>\n<ul>\n<li>Les dates d\u2019arriv\u00e9e et de d\u00e9part sont coordonn\u00e9es avec le loueur d\u2019Addenda.<\/li>\n<\/ul>\n<p><strong>Responsabilit\u00e9<\/strong><\/p>\n<ul>\n<li>Addenda\u00ae ne peut \u00eatre tenue responsable si le Tr\u00f4ne de miel Addenda\u00ae ne peut \u00eatre livr\u00e9 ou n\u2019est pas disponible en raison de circonstances, alors qu\u2019il a \u00e9t\u00e9 r\u00e9serv\u00e9 par le locataire.<\/li>\n<li><\/li>\n<li>Addenda n\u2019est pas responsable des dommages caus\u00e9s au Tr\u00f4ne de miel pendant la p\u00e9riode de location. La jardinerie louant le Tr\u00f4ne de miel est responsable de la manipulation et de la protection de la chaise pendant la p\u00e9riode de location.<\/li>\n<li><\/li>\n<li>En cas de dommages caus\u00e9s au Tr\u00f4ne de miel pendant la p\u00e9riode de location, la jardinerie doit en informer Addenda\u00ae au pr\u00e9alable et prendre en charge les frais de r\u00e9paration. La r\u00e9paration sera effectu\u00e9e par Addenda\u00ae. Si les dommages sont tels que la chaise ne peut \u00eatre r\u00e9par\u00e9e, la jardinerie est tenue de rembourser \u00e0 Addenda la valeur de remplacement totale de la chaise.<\/li>\n<li><\/li>\n<li>\u00c0 la fin de la p\u00e9riode de location convenue, la jardinerie doit retourner le Tr\u00f4ne de miel Addenda\u00ae \u00e0 Addenda dans le m\u00eame \u00e9tat qu\u2019au d\u00e9but de la p\u00e9riode de location.<\/li>\n<\/ul>\n<p><strong>P\u00e9riode de location<\/strong><\/p>\n<ul>\n<li>La p\u00e9riode de location du Tr\u00f4ne de miel Addenda\u00ae est d\u2019une semaine compl\u00e8te de 7\u00a0jours et se d\u00e9roule comme suit, sauf accord contraire avec le locataire\u00a0:\n<ul>\n<li>Le Tr\u00f4ne de miel Addenda\u00ae peut \u00eatre r\u00e9cup\u00e9r\u00e9 le mardi<\/li>\n<li>Le Tr\u00f4ne de miel Addenda\u00ae doit \u00eatre renvoy\u00e9 le lundi de la semaine suivante.<\/li>\n<\/ul>\n<\/li>\n<\/ul>\n<p>&nbsp;<\/p>\n<ul>\n<li>Si la p\u00e9riode de location convenue n\u2019est pas respect\u00e9e et que le Tr\u00f4ne de miel Addenda\u00ae n\u2019est pas restitu\u00e9 \u00e0 temps, nous sommes tenus de facturer des frais de 50,00\u00a0\u20ac par jour pour la prolongation de la location \u00e0 partir du jour suivant la date de restitution initiale.<\/li>\n<li>Toute d\u00e9rogation aux jours d\u2019enl\u00e8vement et de retour fix\u00e9s doit faire l\u2019objet d\u2019un accord pr\u00e9alable entre Addenda et la jardinerie louant le Tr\u00f4ne de miel.<\/li>\n<\/ul>\n","protected":false},"excerpt":{"rendered":"<p>Conditions g\u00e9n\u00e9rales pour la location du Tr\u00f4ne de miel Addenda\u00ae Le Tr\u00f4ne de miel Addenda\u00ae est un meuble en bois qui sert \u00e0 promouvoir les Campanula Addenda\u00ae et\/ou Hebe Addenda\u00ae dans les jardineries. &nbsp; Le Tr\u00f4ne de miel Addenda\u00ae appartient \u00e0 Addenda\u00ae et est lou\u00e9 comme outil promotionnel aux points de vente Addenda\u00ae pendant la [&hellip;]<\/p>\n","protected":false},"author":1,"featured_media":0,"parent":0,"menu_order":0,"comment_status":"closed","ping_status":"closed","template":"","meta":{"_acf_changed":false,"footnotes":""},"class_list":["post-4044","page","type-page","status-publish","hentry"],"acf":[],"_links":{"self":[{"href":"https:\/\/addenda.com\/fr\/wp-json\/wp\/v2\/pages\/4044","targetHints":{"allow":["GET"]}}],"collection":[{"href":"https:\/\/addenda.com\/fr\/wp-json\/wp\/v2\/pages"}],"about":[{"href":"https:\/\/addenda.com\/fr\/wp-json\/wp\/v2\/types\/page"}],"author":[{"embeddable":true,"href":"https:\/\/addenda.com\/fr\/wp-json\/wp\/v2\/users\/1"}],"replies":[{"embeddable":true,"href":"https:\/\/addenda.com\/fr\/wp-json\/wp\/v2\/comments?post=4044"}],"version-history":[{"count":1,"href":"https:\/\/addenda.com\/fr\/wp-json\/wp\/v2\/pages\/4044\/revisions"}],"predecessor-version":[{"id":4045,"href":"https:\/\/addenda.com\/fr\/wp-json\/wp\/v2\/pages\/4044\/revisions\/4045"}],"wp:attachment":[{"href":"https:\/\/addenda.com\/fr\/wp-json\/wp\/v2\/media?parent=4044"}],"curies":[{"name":"wp","href":"https:\/\/api.w.org\/{rel}","templated":true}]}}