



{"id":4018,"date":"2024-01-02T12:22:37","date_gmt":"2024-01-02T11:22:37","guid":{"rendered":"https:\/\/addenda.com\/?page_id=4018"},"modified":"2025-01-16T16:14:54","modified_gmt":"2025-01-16T15:14:54","slug":"le-trone-de-miel","status":"publish","type":"page","link":"https:\/\/addenda.com\/fr\/b2b\/le-trone-de-miel\/","title":{"rendered":"le Tr\u00f4ne de miel"},"content":{"rendered":"<h2 style=\"text-align: center;\">Acc\u00e9dez au <em> Tr\u00f4ne de miel<\/em> Addenda<\/h2>\n<p class=\"mw-70-p\" style=\"text-align: center;\">Faites forte impression aupr\u00e8s des consommateurs en leur offrant une occasion unique de se prendre en photo et encouragez-les \u00e0 verdir leur espace ext\u00e9rieur et \u00e0 promouvoir la biodiversit\u00e9. Et rien de plus facile avec les plantes de jardin robustes et \u00e0 longue floraison qui attirent de nombreuses abeilles et d\u2019autres insectes, comme les Campanula et Hebe d\u2019Addenda\u00ae. Le Tr\u00f4ne de miel est un outil promotionnel amusant pour mettre en valeur les plantes \u00e0 fleurs d\u2019Addenda\u00ae et la biodiversit\u00e9 dans votre jardinerie !<\/p>\n<p><img loading=\"lazy\" decoding=\"async\" class=\"size-full wp-image-3937 aligncenter\" src=\"https:\/\/addenda.com\/wp-content\/uploads\/2024\/01\/Hans-en-Niels-op-Addenda-bijentroon.jpg\" alt=\"\" width=\"1620\" height=\"1080\" srcset=\"https:\/\/addenda.com\/wp-content\/uploads\/2024\/01\/Hans-en-Niels-op-Addenda-bijentroon.jpg 1620w, https:\/\/addenda.com\/wp-content\/uploads\/2024\/01\/Hans-en-Niels-op-Addenda-bijentroon-300x200.jpg 300w, https:\/\/addenda.com\/wp-content\/uploads\/2024\/01\/Hans-en-Niels-op-Addenda-bijentroon-1024x683.jpg 1024w, https:\/\/addenda.com\/wp-content\/uploads\/2024\/01\/Hans-en-Niels-op-Addenda-bijentroon-768x512.jpg 768w, https:\/\/addenda.com\/wp-content\/uploads\/2024\/01\/Hans-en-Niels-op-Addenda-bijentroon-1536x1024.jpg 1536w, https:\/\/addenda.com\/wp-content\/uploads\/2024\/01\/Hans-en-Niels-op-Addenda-bijentroon-600x400.jpg 600w\" sizes=\"auto, (max-width: 1620px) 100vw, 1620px\" \/><\/p>\n","protected":false},"excerpt":{"rendered":"<p>Acc\u00e9dez au Tr\u00f4ne de miel Addenda Faites forte impression aupr\u00e8s des consommateurs en leur offrant une occasion unique de se prendre en photo et encouragez-les \u00e0 verdir leur espace ext\u00e9rieur et \u00e0 promouvoir la biodiversit\u00e9. Et rien de plus facile avec les plantes de jardin robustes et \u00e0 longue floraison qui attirent de nombreuses abeilles [&hellip;]<\/p>\n","protected":false},"author":1,"featured_media":6951,"parent":2600,"menu_order":0,"comment_status":"closed","ping_status":"closed","template":"page-templates\/page-b2b_support4.php","meta":{"_acf_changed":false,"footnotes":""},"class_list":["post-4018","page","type-page","status-publish","has-post-thumbnail","hentry"],"acf":[],"_links":{"self":[{"href":"https:\/\/addenda.com\/fr\/wp-json\/wp\/v2\/pages\/4018","targetHints":{"allow":["GET"]}}],"collection":[{"href":"https:\/\/addenda.com\/fr\/wp-json\/wp\/v2\/pages"}],"about":[{"href":"https:\/\/addenda.com\/fr\/wp-json\/wp\/v2\/types\/page"}],"author":[{"embeddable":true,"href":"https:\/\/addenda.com\/fr\/wp-json\/wp\/v2\/users\/1"}],"replies":[{"embeddable":true,"href":"https:\/\/addenda.com\/fr\/wp-json\/wp\/v2\/comments?post=4018"}],"version-history":[{"count":5,"href":"https:\/\/addenda.com\/fr\/wp-json\/wp\/v2\/pages\/4018\/revisions"}],"predecessor-version":[{"id":6956,"href":"https:\/\/addenda.com\/fr\/wp-json\/wp\/v2\/pages\/4018\/revisions\/6956"}],"up":[{"embeddable":true,"href":"https:\/\/addenda.com\/fr\/wp-json\/wp\/v2\/pages\/2600"}],"wp:featuredmedia":[{"embeddable":true,"href":"https:\/\/addenda.com\/fr\/wp-json\/wp\/v2\/media\/6951"}],"wp:attachment":[{"href":"https:\/\/addenda.com\/fr\/wp-json\/wp\/v2\/media?parent=4018"}],"curies":[{"name":"wp","href":"https:\/\/api.w.org\/{rel}","templated":true}]}}