



{"id":2930,"date":"2023-01-20T14:39:30","date_gmt":"2023-01-20T13:39:30","guid":{"rendered":"https:\/\/addenda.com\/b2b\/registratie-media-library\/"},"modified":"2023-02-23T10:43:16","modified_gmt":"2023-02-23T09:43:16","slug":"inscription-a-la-mediatheque","status":"publish","type":"page","link":"https:\/\/addenda.com\/fr\/b2b\/inscription-a-la-mediatheque\/","title":{"rendered":"Inscription \u00e0 la m\u00e9diath\u00e8que"},"content":{"rendered":"<h2>Acc\u00e8s au contenu le plus <em>r\u00e9cent chaque<\/em> saison<\/h2>\n<p>Dans la Addenda\u00ae Media Library, vous pouvez t\u00e9l\u00e9charger une large collection de magnifiques photographies d\u2019ambiance, de photographies de produits, de brochures et de listes d\u2019offres. Vous pouvez \u00e9galement commander facilement du mat\u00e9riel PLV d\u2019Addenda\u00ae. Chaque saison, vous avez acc\u00e8s au contenu le plus r\u00e9cent d\u2019Addenda\u00ae.<\/p>\n","protected":false},"excerpt":{"rendered":"<p>Acc\u00e8s au contenu le plus r\u00e9cent chaque saison Dans la Addenda\u00ae Media Library, vous pouvez t\u00e9l\u00e9charger une large collection de magnifiques photographies d\u2019ambiance, de photographies de produits, de brochures et de listes d\u2019offres. Vous pouvez \u00e9galement commander facilement du mat\u00e9riel PLV d\u2019Addenda\u00ae. Chaque saison, vous avez acc\u00e8s au contenu le plus r\u00e9cent d\u2019Addenda\u00ae.<\/p>\n","protected":false},"author":1,"featured_media":2342,"parent":2600,"menu_order":5090,"comment_status":"closed","ping_status":"closed","template":"page-templates\/page-b2b_media_registration.php","meta":{"_acf_changed":false,"footnotes":""},"class_list":["post-2930","page","type-page","status-publish","has-post-thumbnail","hentry"],"acf":[],"_links":{"self":[{"href":"https:\/\/addenda.com\/fr\/wp-json\/wp\/v2\/pages\/2930","targetHints":{"allow":["GET"]}}],"collection":[{"href":"https:\/\/addenda.com\/fr\/wp-json\/wp\/v2\/pages"}],"about":[{"href":"https:\/\/addenda.com\/fr\/wp-json\/wp\/v2\/types\/page"}],"author":[{"embeddable":true,"href":"https:\/\/addenda.com\/fr\/wp-json\/wp\/v2\/users\/1"}],"replies":[{"embeddable":true,"href":"https:\/\/addenda.com\/fr\/wp-json\/wp\/v2\/comments?post=2930"}],"version-history":[{"count":5,"href":"https:\/\/addenda.com\/fr\/wp-json\/wp\/v2\/pages\/2930\/revisions"}],"predecessor-version":[{"id":3277,"href":"https:\/\/addenda.com\/fr\/wp-json\/wp\/v2\/pages\/2930\/revisions\/3277"}],"up":[{"embeddable":true,"href":"https:\/\/addenda.com\/fr\/wp-json\/wp\/v2\/pages\/2600"}],"wp:featuredmedia":[{"embeddable":true,"href":"https:\/\/addenda.com\/fr\/wp-json\/wp\/v2\/media\/2342"}],"wp:attachment":[{"href":"https:\/\/addenda.com\/fr\/wp-json\/wp\/v2\/media?parent=2930"}],"curies":[{"name":"wp","href":"https:\/\/api.w.org\/{rel}","templated":true}]}}