



{"id":2919,"date":"2022-12-30T14:57:37","date_gmt":"2022-12-30T13:57:37","guid":{"rendered":"https:\/\/addenda.com\/klantenservice\/"},"modified":"2023-02-22T13:41:31","modified_gmt":"2023-02-22T12:41:31","slug":"service-clientele","status":"publish","type":"page","link":"https:\/\/addenda.com\/fr\/service-clientele\/","title":{"rendered":"Service client\u00e8le"},"content":{"rendered":"<h2>Contact avec <em>le service client\u00e8le<\/em> de la boutique en ligne<\/h2>\n<p>Avez-vous d\u00e9j\u00e0 consult\u00e9 les questions de la FAQ concernant l\u2019entretien et le service client\u00e8le\u00a0?<\/p>\n<p>Notre \u00e9quipe du service client\u00e8le est joignable \u00e0 l\u2019adresse suivante<\/p>\n<p>Posez votre question en utilisant le formulaire de contact ci-dessous<\/p>\n<p>E-mail: <a href=\"mailto:info@addenda.com\">info@addenda.com\u00a0<\/a><br \/>\nInstagram ou Facebook<\/p>\n<p>Lundi &#8211; Vendredi 09:00 &#8211; 16:00<\/p>\n<p>Ferm\u00e9 le samedi et le dimanche<\/p>\n","protected":false},"excerpt":{"rendered":"<p>Contact avec le service client\u00e8le de la boutique en ligne Avez-vous d\u00e9j\u00e0 consult\u00e9 les questions de la FAQ concernant l\u2019entretien et le service client\u00e8le\u00a0? Notre \u00e9quipe du service client\u00e8le est joignable \u00e0 l\u2019adresse suivante Posez votre question en utilisant le formulaire de contact ci-dessous E-mail: info@addenda.com\u00a0 Instagram ou Facebook Lundi &#8211; Vendredi 09:00 &#8211; 16:00 [&hellip;]<\/p>\n","protected":false},"author":1,"featured_media":0,"parent":0,"menu_order":100,"comment_status":"closed","ping_status":"closed","template":"page-templates\/page-faq.php","meta":{"_acf_changed":false,"footnotes":""},"class_list":["post-2919","page","type-page","status-publish","hentry"],"acf":[],"_links":{"self":[{"href":"https:\/\/addenda.com\/fr\/wp-json\/wp\/v2\/pages\/2919","targetHints":{"allow":["GET"]}}],"collection":[{"href":"https:\/\/addenda.com\/fr\/wp-json\/wp\/v2\/pages"}],"about":[{"href":"https:\/\/addenda.com\/fr\/wp-json\/wp\/v2\/types\/page"}],"author":[{"embeddable":true,"href":"https:\/\/addenda.com\/fr\/wp-json\/wp\/v2\/users\/1"}],"replies":[{"embeddable":true,"href":"https:\/\/addenda.com\/fr\/wp-json\/wp\/v2\/comments?post=2919"}],"version-history":[{"count":4,"href":"https:\/\/addenda.com\/fr\/wp-json\/wp\/v2\/pages\/2919\/revisions"}],"predecessor-version":[{"id":3167,"href":"https:\/\/addenda.com\/fr\/wp-json\/wp\/v2\/pages\/2919\/revisions\/3167"}],"wp:attachment":[{"href":"https:\/\/addenda.com\/fr\/wp-json\/wp\/v2\/media?parent=2919"}],"curies":[{"name":"wp","href":"https:\/\/api.w.org\/{rel}","templated":true}]}}