



{"id":2908,"date":"2022-12-15T11:10:05","date_gmt":"2022-12-15T10:10:05","guid":{"rendered":"https:\/\/addenda.com\/kwekers\/"},"modified":"2025-10-15T11:58:54","modified_gmt":"2025-10-15T09:58:54","slug":"nos-horticulteurs","status":"publish","type":"page","link":"https:\/\/addenda.com\/fr\/nos-horticulteurs\/","title":{"rendered":"Nos horticulteurs"},"content":{"rendered":"<h2><em>Cultiv\u00e9es<\/em> avec soin<\/h2>\n<p>Nos horticulteurs cultivent plus de 8 000 000 de plantes par an avec savoir-faire et passion. Addenda\u00ae cultive des plantes de haute qualit\u00e9 avec un groupe de 16 horticulteurs progressistes aux Pays-Bas et en Belgique et 5 horticulteurs dans le reste de l\u2019Europe. La production locale en Allemagne, en France, au Royaume-Uni et en Italie permet de raccourcir la cha\u00eene. En r\u00e9duisant les kilom\u00e8tres de transport, les produits fabriqu\u00e9s localement ont moins d\u2019impact sur le climat.<\/p>\n<p>La gamme d\u2019Addenda\u00ae se compose de deux produits et de plusieurs groupes de produits\u00a0:<\/p>\n","protected":false},"excerpt":{"rendered":"<p>Cultiv\u00e9es avec soin Nos horticulteurs cultivent plus de 8 000 000 de plantes par an avec savoir-faire et passion. Addenda\u00ae cultive des plantes de haute qualit\u00e9 avec un groupe de 16 horticulteurs progressistes aux Pays-Bas et en Belgique et 5 horticulteurs dans le reste de l\u2019Europe. La production locale en Allemagne, en France, au Royaume-Uni [&hellip;]<\/p>\n","protected":false},"author":1,"featured_media":2192,"parent":0,"menu_order":65,"comment_status":"closed","ping_status":"closed","template":"page-templates\/page-growers.php","meta":{"_acf_changed":false,"footnotes":""},"class_list":["post-2908","page","type-page","status-publish","has-post-thumbnail","hentry"],"acf":[],"_links":{"self":[{"href":"https:\/\/addenda.com\/fr\/wp-json\/wp\/v2\/pages\/2908","targetHints":{"allow":["GET"]}}],"collection":[{"href":"https:\/\/addenda.com\/fr\/wp-json\/wp\/v2\/pages"}],"about":[{"href":"https:\/\/addenda.com\/fr\/wp-json\/wp\/v2\/types\/page"}],"author":[{"embeddable":true,"href":"https:\/\/addenda.com\/fr\/wp-json\/wp\/v2\/users\/1"}],"replies":[{"embeddable":true,"href":"https:\/\/addenda.com\/fr\/wp-json\/wp\/v2\/comments?post=2908"}],"version-history":[{"count":3,"href":"https:\/\/addenda.com\/fr\/wp-json\/wp\/v2\/pages\/2908\/revisions"}],"predecessor-version":[{"id":7336,"href":"https:\/\/addenda.com\/fr\/wp-json\/wp\/v2\/pages\/2908\/revisions\/7336"}],"wp:featuredmedia":[{"embeddable":true,"href":"https:\/\/addenda.com\/fr\/wp-json\/wp\/v2\/media\/2192"}],"wp:attachment":[{"href":"https:\/\/addenda.com\/fr\/wp-json\/wp\/v2\/media?parent=2908"}],"curies":[{"name":"wp","href":"https:\/\/api.w.org\/{rel}","templated":true}]}}