



{"id":2884,"date":"2022-12-21T14:44:09","date_gmt":"2022-12-21T13:44:09","guid":{"rendered":"https:\/\/addenda.com\/campanula-addenda\/"},"modified":"2025-12-01T10:42:13","modified_gmt":"2025-12-01T09:42:13","slug":"campanula-addenda","status":"publish","type":"page","link":"https:\/\/addenda.com\/fr\/campanula-addenda\/","title":{"rendered":"Campanula Addenda\u00ae"},"content":{"rendered":"<h2><em>Campanula<\/em> Addenda<sup>\u00ae<\/sup><\/h2>\n<p>Les campanules fleurissent plusieurs fois par an, pendant des semaines et sont rustiques. Comme la plante fleurit longtemps et \u00e0 plusieurs reprises, les abeilles profitent d\u2019une nourriture abondante de mars \u00e0 octobre. Gr\u00e2ce \u00e0 leurs variations et leurs couleurs, les campanules s\u2019adaptent \u00e0 tous les jardins.<\/p>\n","protected":false},"excerpt":{"rendered":"<p>Campanula Addenda\u00ae Les campanules fleurissent plusieurs fois par an, pendant des semaines et sont rustiques. Comme la plante fleurit longtemps et \u00e0 plusieurs reprises, les abeilles profitent d\u2019une nourriture abondante de mars \u00e0 octobre. Gr\u00e2ce \u00e0 leurs variations et leurs couleurs, les campanules s\u2019adaptent \u00e0 tous les jardins.<\/p>\n","protected":false},"author":1,"featured_media":2223,"parent":0,"menu_order":43,"comment_status":"closed","ping_status":"closed","template":"page-templates\/page-our_plants_campanula.php","meta":{"_acf_changed":false,"footnotes":""},"class_list":["post-2884","page","type-page","status-publish","has-post-thumbnail","hentry"],"acf":[],"_links":{"self":[{"href":"https:\/\/addenda.com\/fr\/wp-json\/wp\/v2\/pages\/2884","targetHints":{"allow":["GET"]}}],"collection":[{"href":"https:\/\/addenda.com\/fr\/wp-json\/wp\/v2\/pages"}],"about":[{"href":"https:\/\/addenda.com\/fr\/wp-json\/wp\/v2\/types\/page"}],"author":[{"embeddable":true,"href":"https:\/\/addenda.com\/fr\/wp-json\/wp\/v2\/users\/1"}],"replies":[{"embeddable":true,"href":"https:\/\/addenda.com\/fr\/wp-json\/wp\/v2\/comments?post=2884"}],"version-history":[{"count":8,"href":"https:\/\/addenda.com\/fr\/wp-json\/wp\/v2\/pages\/2884\/revisions"}],"predecessor-version":[{"id":7537,"href":"https:\/\/addenda.com\/fr\/wp-json\/wp\/v2\/pages\/2884\/revisions\/7537"}],"wp:featuredmedia":[{"embeddable":true,"href":"https:\/\/addenda.com\/fr\/wp-json\/wp\/v2\/media\/2223"}],"wp:attachment":[{"href":"https:\/\/addenda.com\/fr\/wp-json\/wp\/v2\/media?parent=2884"}],"curies":[{"name":"wp","href":"https:\/\/api.w.org\/{rel}","templated":true}]}}