



{"id":2633,"date":"2023-01-17T15:01:42","date_gmt":"2023-01-17T14:01:42","guid":{"rendered":"https:\/\/addenda.com\/b2b\/nieuws\/"},"modified":"2023-02-15T16:47:00","modified_gmt":"2023-02-15T15:47:00","slug":"nieuws","status":"publish","type":"page","link":"https:\/\/addenda.com\/fr\/b2b\/nieuws\/","title":{"rendered":"Actualit\u00e9s"},"content":{"rendered":"<h2>Restez \u00e0 l\u2019\u00e9coute pour conna\u00eetre les derni\u00e8res nouvelles et les<em> \u00e9v\u00e9nements<\/em> marquants d\u2019Addenda\u00ae\u202f!<\/h2>\n","protected":false},"excerpt":{"rendered":"<p>Restez \u00e0 l\u2019\u00e9coute pour conna\u00eetre les derni\u00e8res nouvelles et les \u00e9v\u00e9nements marquants d\u2019Addenda\u00ae\u202f!<\/p>\n","protected":false},"author":1,"featured_media":0,"parent":2600,"menu_order":5085,"comment_status":"closed","ping_status":"closed","template":"page-templates\/page-b2b_news.php","meta":{"_acf_changed":false,"footnotes":""},"class_list":["post-2633","page","type-page","status-publish","hentry"],"acf":[],"_links":{"self":[{"href":"https:\/\/addenda.com\/fr\/wp-json\/wp\/v2\/pages\/2633","targetHints":{"allow":["GET"]}}],"collection":[{"href":"https:\/\/addenda.com\/fr\/wp-json\/wp\/v2\/pages"}],"about":[{"href":"https:\/\/addenda.com\/fr\/wp-json\/wp\/v2\/types\/page"}],"author":[{"embeddable":true,"href":"https:\/\/addenda.com\/fr\/wp-json\/wp\/v2\/users\/1"}],"replies":[{"embeddable":true,"href":"https:\/\/addenda.com\/fr\/wp-json\/wp\/v2\/comments?post=2633"}],"version-history":[{"count":1,"href":"https:\/\/addenda.com\/fr\/wp-json\/wp\/v2\/pages\/2633\/revisions"}],"predecessor-version":[{"id":2635,"href":"https:\/\/addenda.com\/fr\/wp-json\/wp\/v2\/pages\/2633\/revisions\/2635"}],"up":[{"embeddable":true,"href":"https:\/\/addenda.com\/fr\/wp-json\/wp\/v2\/pages\/2600"}],"wp:attachment":[{"href":"https:\/\/addenda.com\/fr\/wp-json\/wp\/v2\/media?parent=2633"}],"curies":[{"name":"wp","href":"https:\/\/api.w.org\/{rel}","templated":true}]}}