



{"id":2619,"date":"2023-01-18T15:59:10","date_gmt":"2023-01-18T14:59:10","guid":{"rendered":"https:\/\/addenda.com\/b2b\/tips-tricks\/"},"modified":"2025-12-05T14:08:16","modified_gmt":"2025-12-05T13:08:16","slug":"conseils-et-astuces","status":"publish","type":"page","link":"https:\/\/addenda.com\/fr\/b2b\/conseils-et-astuces\/","title":{"rendered":"Conseils et astuces"},"content":{"rendered":"<h2><em>Conseils et astuces<\/em> pour la vente<\/h2>\n<p>Les campanules et les Hebe d\u2019Addenda\u00ae m\u00e9ritent d\u2019\u00eatre mis \u00e0 l\u2019honneur dans votre magasin. Addenda\u00ae vous aide en ce sens avec du mat\u00e9riel PLV accrocheur, un m\u00e9lange attrayant de notre large gamme et des t\u00e9l\u00e9chargements utiles. Vous souhaitez nous aider\u202f?<\/p>\n","protected":false},"excerpt":{"rendered":"<p>Conseils et astuces pour la vente Les campanules et les Hebe d\u2019Addenda\u00ae m\u00e9ritent d\u2019\u00eatre mis \u00e0 l\u2019honneur dans votre magasin. Addenda\u00ae vous aide en ce sens avec du mat\u00e9riel PLV accrocheur, un m\u00e9lange attrayant de notre large gamme et des t\u00e9l\u00e9chargements utiles. Vous souhaitez nous aider\u202f?<\/p>\n","protected":false},"author":1,"featured_media":2238,"parent":2600,"menu_order":5025,"comment_status":"closed","ping_status":"closed","template":"page-templates\/page-b2b_support3.php","meta":{"_acf_changed":false,"footnotes":""},"class_list":["post-2619","page","type-page","status-publish","has-post-thumbnail","hentry"],"acf":[],"_links":{"self":[{"href":"https:\/\/addenda.com\/fr\/wp-json\/wp\/v2\/pages\/2619","targetHints":{"allow":["GET"]}}],"collection":[{"href":"https:\/\/addenda.com\/fr\/wp-json\/wp\/v2\/pages"}],"about":[{"href":"https:\/\/addenda.com\/fr\/wp-json\/wp\/v2\/types\/page"}],"author":[{"embeddable":true,"href":"https:\/\/addenda.com\/fr\/wp-json\/wp\/v2\/users\/1"}],"replies":[{"embeddable":true,"href":"https:\/\/addenda.com\/fr\/wp-json\/wp\/v2\/comments?post=2619"}],"version-history":[{"count":8,"href":"https:\/\/addenda.com\/fr\/wp-json\/wp\/v2\/pages\/2619\/revisions"}],"predecessor-version":[{"id":7680,"href":"https:\/\/addenda.com\/fr\/wp-json\/wp\/v2\/pages\/2619\/revisions\/7680"}],"up":[{"embeddable":true,"href":"https:\/\/addenda.com\/fr\/wp-json\/wp\/v2\/pages\/2600"}],"wp:featuredmedia":[{"embeddable":true,"href":"https:\/\/addenda.com\/fr\/wp-json\/wp\/v2\/media\/2238"}],"wp:attachment":[{"href":"https:\/\/addenda.com\/fr\/wp-json\/wp\/v2\/media?parent=2619"}],"curies":[{"name":"wp","href":"https:\/\/api.w.org\/{rel}","templated":true}]}}