



{"id":2600,"date":"2023-01-16T13:43:36","date_gmt":"2023-01-16T12:43:36","guid":{"rendered":"https:\/\/addenda.com\/b2b\/"},"modified":"2025-10-30T16:04:00","modified_gmt":"2025-10-30T15:04:00","slug":"b2b","status":"publish","type":"page","link":"https:\/\/addenda.com\/fr\/b2b\/","title":{"rendered":"Accueil &#8211; Business"},"content":{"rendered":"<h2><span class=\"TextRun SCXW126905059 BCX8\" lang=\"FR-FR\" xml:lang=\"FR-FR\" data-contrast=\"auto\"><span class=\"NormalTextRun SCXW126905059 BCX8\">Mettez les plantes Addenda\u00ae \u00e0 <em>l&rsquo;honneur\u202f!<\/em><\/span><\/span><em><span class=\"EOP SCXW126905059 BCX8\" data-ccp-props=\"{}\">\u00a0<\/span><\/em><\/h2>\n<p><span class=\"TextRun SCXW10385992 BCX8\" lang=\"FR-FR\" xml:lang=\"FR-FR\" data-contrast=\"auto\"><span class=\"NormalTextRun SCXW10385992 BCX8\">Les plantes d&rsquo;Addenda\u00ae m\u00e9ritent d&rsquo;\u00eatre \u00e0 l&rsquo;honneur dans votre magasin.<\/span><\/span> \u00a0Addenda\u00ae vous aide en ce sens avec des mat\u00e9riels POS accrocheurs, un m\u00e9lange attrayant de notre large gamme et des t\u00e9l\u00e9chargements utiles. Vous souhaitez nous aider?<\/p>\n","protected":false},"excerpt":{"rendered":"<p>Mettez les plantes Addenda\u00ae \u00e0 l&rsquo;honneur\u202f!\u00a0 Les plantes d&rsquo;Addenda\u00ae m\u00e9ritent d&rsquo;\u00eatre \u00e0 l&rsquo;honneur dans votre magasin. \u00a0Addenda\u00ae vous aide en ce sens avec des mat\u00e9riels POS accrocheurs, un m\u00e9lange attrayant de notre large gamme et des t\u00e9l\u00e9chargements utiles. Vous souhaitez nous aider?<\/p>\n","protected":false},"author":1,"featured_media":7345,"parent":0,"menu_order":5000,"comment_status":"closed","ping_status":"closed","template":"page-templates\/page-b2b_home.php","meta":{"_acf_changed":false,"footnotes":""},"class_list":["post-2600","page","type-page","status-publish","has-post-thumbnail","hentry"],"acf":[],"_links":{"self":[{"href":"https:\/\/addenda.com\/fr\/wp-json\/wp\/v2\/pages\/2600","targetHints":{"allow":["GET"]}}],"collection":[{"href":"https:\/\/addenda.com\/fr\/wp-json\/wp\/v2\/pages"}],"about":[{"href":"https:\/\/addenda.com\/fr\/wp-json\/wp\/v2\/types\/page"}],"author":[{"embeddable":true,"href":"https:\/\/addenda.com\/fr\/wp-json\/wp\/v2\/users\/1"}],"replies":[{"embeddable":true,"href":"https:\/\/addenda.com\/fr\/wp-json\/wp\/v2\/comments?post=2600"}],"version-history":[{"count":9,"href":"https:\/\/addenda.com\/fr\/wp-json\/wp\/v2\/pages\/2600\/revisions"}],"predecessor-version":[{"id":7505,"href":"https:\/\/addenda.com\/fr\/wp-json\/wp\/v2\/pages\/2600\/revisions\/7505"}],"wp:featuredmedia":[{"embeddable":true,"href":"https:\/\/addenda.com\/fr\/wp-json\/wp\/v2\/media\/7345"}],"wp:attachment":[{"href":"https:\/\/addenda.com\/fr\/wp-json\/wp\/v2\/media?parent=2600"}],"curies":[{"name":"wp","href":"https:\/\/api.w.org\/{rel}","templated":true}]}}