



{"id":2503,"date":"2022-12-21T14:44:47","date_gmt":"2022-12-21T13:44:47","guid":{"rendered":"https:\/\/addenda.com\/hebe-addenda\/"},"modified":"2025-12-01T10:47:44","modified_gmt":"2025-12-01T09:47:44","slug":"hebe-addenda","status":"publish","type":"page","link":"https:\/\/addenda.com\/fr\/hebe-addenda\/","title":{"rendered":"Hebe Addenda\u00ae"},"content":{"rendered":"<h2><em>Hebe<\/em> Addenda\u00ae<\/h2>\n<p>Avec Hebe, vous profitez de 150 jours de plaisir floral.\u00a0Vous pourrez ainsi profiter pleinement des (derniers) beaux jours d\u2019\u00e9t\u00e9. Un bel atout color\u00e9 pour la terrasse dans un beau pot ou comme plante d\u2019ornement dans une bordure. Que vous aimiez le classique ou l\u2019\u00e9l\u00e9gance, le romantique ou le moderne : vous trouverez toujours un Hebe qui vous convient ! Avec ses nombreuses vari\u00e9t\u00e9s, tailles et couleurs, c\u2019est une magnifique plante pour embellir le jardin.<\/p>\n","protected":false},"excerpt":{"rendered":"<p>Hebe Addenda\u00ae Avec Hebe, vous profitez de 150 jours de plaisir floral.\u00a0Vous pourrez ainsi profiter pleinement des (derniers) beaux jours d\u2019\u00e9t\u00e9. Un bel atout color\u00e9 pour la terrasse dans un beau pot ou comme plante d\u2019ornement dans une bordure. Que vous aimiez le classique ou l\u2019\u00e9l\u00e9gance, le romantique ou le moderne : vous trouverez toujours [&hellip;]<\/p>\n","protected":false},"author":1,"featured_media":2342,"parent":0,"menu_order":46,"comment_status":"closed","ping_status":"closed","template":"page-templates\/page-our_plants_hebe.php","meta":{"_acf_changed":false,"footnotes":""},"class_list":["post-2503","page","type-page","status-publish","has-post-thumbnail","hentry"],"acf":[],"_links":{"self":[{"href":"https:\/\/addenda.com\/fr\/wp-json\/wp\/v2\/pages\/2503","targetHints":{"allow":["GET"]}}],"collection":[{"href":"https:\/\/addenda.com\/fr\/wp-json\/wp\/v2\/pages"}],"about":[{"href":"https:\/\/addenda.com\/fr\/wp-json\/wp\/v2\/types\/page"}],"author":[{"embeddable":true,"href":"https:\/\/addenda.com\/fr\/wp-json\/wp\/v2\/users\/1"}],"replies":[{"embeddable":true,"href":"https:\/\/addenda.com\/fr\/wp-json\/wp\/v2\/comments?post=2503"}],"version-history":[{"count":13,"href":"https:\/\/addenda.com\/fr\/wp-json\/wp\/v2\/pages\/2503\/revisions"}],"predecessor-version":[{"id":7540,"href":"https:\/\/addenda.com\/fr\/wp-json\/wp\/v2\/pages\/2503\/revisions\/7540"}],"wp:featuredmedia":[{"embeddable":true,"href":"https:\/\/addenda.com\/fr\/wp-json\/wp\/v2\/media\/2342"}],"wp:attachment":[{"href":"https:\/\/addenda.com\/fr\/wp-json\/wp\/v2\/media?parent=2503"}],"curies":[{"name":"wp","href":"https:\/\/api.w.org\/{rel}","templated":true}]}}