



{"id":2493,"date":"2022-12-20T10:04:53","date_gmt":"2022-12-20T09:04:53","guid":{"rendered":"https:\/\/addenda.com\/entretien-hebe\/"},"modified":"2025-12-03T12:29:47","modified_gmt":"2025-12-03T11:29:47","slug":"entretien-hebe","status":"publish","type":"page","link":"https:\/\/addenda.com\/fr\/entretien-hebe\/","title":{"rendered":"Hebe Addenda\u00ae"},"content":{"rendered":"<h1>Votre <em>Hebe<\/em> Addenda\u00ae<\/h1>\n<p>Nous vous remercions d\u2019avoir achet\u00e9 un Hebe Addenda\u00ae\u00a0! Le Hebe est particuli\u00e8rement attrayant pour les abeilles et les papillons gr\u00e2ce \u00e0 ses panicules de fleurs riches en nectar. Votre Hebe se trouve pr\u00e8s de la maison\u00a0? Pr\u00e9voyez dans ce cas la visite de nombreuses abeilles\u00a0!<\/p>\n","protected":false},"excerpt":{"rendered":"<p>Votre Hebe Addenda\u00ae Nous vous remercions d\u2019avoir achet\u00e9 un Hebe Addenda\u00ae\u00a0! Le Hebe est particuli\u00e8rement attrayant pour les abeilles et les papillons gr\u00e2ce \u00e0 ses panicules de fleurs riches en nectar. Votre Hebe se trouve pr\u00e8s de la maison\u00a0? Pr\u00e9voyez dans ce cas la visite de nombreuses abeilles\u00a0!<\/p>\n","protected":false},"author":1,"featured_media":2278,"parent":0,"menu_order":34,"comment_status":"closed","ping_status":"closed","template":"page-templates\/page-care_hebe.php","meta":{"_acf_changed":false,"footnotes":""},"class_list":["post-2493","page","type-page","status-publish","has-post-thumbnail","hentry"],"acf":[],"_links":{"self":[{"href":"https:\/\/addenda.com\/fr\/wp-json\/wp\/v2\/pages\/2493","targetHints":{"allow":["GET"]}}],"collection":[{"href":"https:\/\/addenda.com\/fr\/wp-json\/wp\/v2\/pages"}],"about":[{"href":"https:\/\/addenda.com\/fr\/wp-json\/wp\/v2\/types\/page"}],"author":[{"embeddable":true,"href":"https:\/\/addenda.com\/fr\/wp-json\/wp\/v2\/users\/1"}],"replies":[{"embeddable":true,"href":"https:\/\/addenda.com\/fr\/wp-json\/wp\/v2\/comments?post=2493"}],"version-history":[{"count":5,"href":"https:\/\/addenda.com\/fr\/wp-json\/wp\/v2\/pages\/2493\/revisions"}],"predecessor-version":[{"id":7566,"href":"https:\/\/addenda.com\/fr\/wp-json\/wp\/v2\/pages\/2493\/revisions\/7566"}],"wp:featuredmedia":[{"embeddable":true,"href":"https:\/\/addenda.com\/fr\/wp-json\/wp\/v2\/media\/2278"}],"wp:attachment":[{"href":"https:\/\/addenda.com\/fr\/wp-json\/wp\/v2\/media?parent=2493"}],"curies":[{"name":"wp","href":"https:\/\/api.w.org\/{rel}","templated":true}]}}