



{"id":2442,"date":"2022-12-19T10:28:48","date_gmt":"2022-12-19T09:28:48","guid":{"rendered":"https:\/\/addenda.com\/nieuws\/"},"modified":"2023-02-14T11:50:28","modified_gmt":"2023-02-14T10:50:28","slug":"inspiration","status":"publish","type":"page","link":"https:\/\/addenda.com\/fr\/inspiration\/","title":{"rendered":"Inspiration"},"content":{"rendered":"<h2>Une mine de <em>conseils<\/em> et <em>d\u2019inspiration<\/em><\/h2>\n<h3>Favorisez la biodiversit\u00e9\u00a0! Vous souhaitez participer\u00a0?<\/h3>\n<p>Addenda\u00ae se veut inspirante gr\u00e2ce \u00e0 ses conseils durables sur la fa\u00e7on de transformer votre espace ext\u00e9rieur en un lieu o\u00f9 vous et toutes sortes de plantes, d\u2019animaux, d\u2019insectes et d\u2019organismes se sentent chez eux. En plus d\u2019\u00eatre b\u00e9n\u00e9fique pour la nature, le jardinage est aussi tr\u00e8s amusant et bon pour la sant\u00e9\u00a0! Quoi de mieux qu\u2019un jardin color\u00e9 et plein de vie\u00a0? Prenez les choses en main et embellissez votre espace ext\u00e9rieur avec plus de verdure\u00a0!<\/p>\n","protected":false},"excerpt":{"rendered":"<p>Une mine de conseils et d\u2019inspiration Favorisez la biodiversit\u00e9\u00a0! Vous souhaitez participer\u00a0? Addenda\u00ae se veut inspirante gr\u00e2ce \u00e0 ses conseils durables sur la fa\u00e7on de transformer votre espace ext\u00e9rieur en un lieu o\u00f9 vous et toutes sortes de plantes, d\u2019animaux, d\u2019insectes et d\u2019organismes se sentent chez eux. En plus d\u2019\u00eatre b\u00e9n\u00e9fique pour la nature, le [&hellip;]<\/p>\n","protected":false},"author":1,"featured_media":2234,"parent":0,"menu_order":20,"comment_status":"closed","ping_status":"closed","template":"page-templates\/page-news.php","meta":{"_acf_changed":false,"footnotes":""},"class_list":["post-2442","page","type-page","status-publish","has-post-thumbnail","hentry"],"acf":[],"_links":{"self":[{"href":"https:\/\/addenda.com\/fr\/wp-json\/wp\/v2\/pages\/2442","targetHints":{"allow":["GET"]}}],"collection":[{"href":"https:\/\/addenda.com\/fr\/wp-json\/wp\/v2\/pages"}],"about":[{"href":"https:\/\/addenda.com\/fr\/wp-json\/wp\/v2\/types\/page"}],"author":[{"embeddable":true,"href":"https:\/\/addenda.com\/fr\/wp-json\/wp\/v2\/users\/1"}],"replies":[{"embeddable":true,"href":"https:\/\/addenda.com\/fr\/wp-json\/wp\/v2\/comments?post=2442"}],"version-history":[{"count":2,"href":"https:\/\/addenda.com\/fr\/wp-json\/wp\/v2\/pages\/2442\/revisions"}],"predecessor-version":[{"id":2446,"href":"https:\/\/addenda.com\/fr\/wp-json\/wp\/v2\/pages\/2442\/revisions\/2446"}],"wp:featuredmedia":[{"embeddable":true,"href":"https:\/\/addenda.com\/fr\/wp-json\/wp\/v2\/media\/2234"}],"wp:attachment":[{"href":"https:\/\/addenda.com\/fr\/wp-json\/wp\/v2\/media?parent=2442"}],"curies":[{"name":"wp","href":"https:\/\/api.w.org\/{rel}","templated":true}]}}