



{"id":7576,"date":"2025-12-05T12:29:02","date_gmt":"2025-12-05T11:29:02","guid":{"rendered":"https:\/\/addenda.com\/?page_id=7576"},"modified":"2025-12-05T12:27:44","modified_gmt":"2025-12-05T11:27:44","slug":"summerfans","status":"publish","type":"page","link":"https:\/\/addenda.com\/de\/summerfans\/","title":{"rendered":"Summerfans\u00ae"},"content":{"rendered":"<h2><em>Scaevola FanFana\u00ae<\/em> \u2013 ein Fan von Sonne und Sommer!<\/h2>\n<p>Die Scaevola FanFana\u00ae ist ein echter Fan der Sonne! Sie bringt mit ihrem verspielt ausladenden Wuchs und ihrer \u00fcppigen Bl\u00fctenpracht Farbe und Sommerfreude in Ihren Garten \u2013 von den ersten warmen Sommertagen bis weit in den Oktober hinein. Die FanFana\u00ae ist ein pflegeleichter, einj\u00e4hriger Sommerbl\u00fcher, der kaum Pflege ben\u00f6tigt: Regelm\u00e4\u00dfig etwas gie\u00dfen und ein wenig Liebe sind genug, damit diese F\u00e4cherblume sch\u00f6n bl\u00fcht.<\/p>\n","protected":false},"excerpt":{"rendered":"<p>Scaevola FanFana\u00ae \u2013 ein Fan von Sonne und Sommer! Die Scaevola FanFana\u00ae ist ein echter Fan der Sonne! Sie bringt mit ihrem verspielt ausladenden Wuchs und ihrer \u00fcppigen Bl\u00fctenpracht Farbe und Sommerfreude in Ihren Garten \u2013 von den ersten warmen Sommertagen bis weit in den Oktober hinein. Die FanFana\u00ae ist ein pflegeleichter, einj\u00e4hriger Sommerbl\u00fcher, der [&hellip;]<\/p>\n","protected":false},"author":1,"featured_media":7605,"parent":0,"menu_order":46,"comment_status":"closed","ping_status":"closed","template":"page-templates\/page-our_plants_fanfana.php","meta":{"_acf_changed":false,"footnotes":""},"class_list":["post-7576","page","type-page","status-publish","has-post-thumbnail","hentry"],"acf":[],"_links":{"self":[{"href":"https:\/\/addenda.com\/de\/wp-json\/wp\/v2\/pages\/7576","targetHints":{"allow":["GET"]}}],"collection":[{"href":"https:\/\/addenda.com\/de\/wp-json\/wp\/v2\/pages"}],"about":[{"href":"https:\/\/addenda.com\/de\/wp-json\/wp\/v2\/types\/page"}],"author":[{"embeddable":true,"href":"https:\/\/addenda.com\/de\/wp-json\/wp\/v2\/users\/1"}],"replies":[{"embeddable":true,"href":"https:\/\/addenda.com\/de\/wp-json\/wp\/v2\/comments?post=7576"}],"version-history":[{"count":7,"href":"https:\/\/addenda.com\/de\/wp-json\/wp\/v2\/pages\/7576\/revisions"}],"predecessor-version":[{"id":7647,"href":"https:\/\/addenda.com\/de\/wp-json\/wp\/v2\/pages\/7576\/revisions\/7647"}],"wp:featuredmedia":[{"embeddable":true,"href":"https:\/\/addenda.com\/de\/wp-json\/wp\/v2\/media\/7605"}],"wp:attachment":[{"href":"https:\/\/addenda.com\/de\/wp-json\/wp\/v2\/media?parent=7576"}],"curies":[{"name":"wp","href":"https:\/\/api.w.org\/{rel}","templated":true}]}}