



{"id":7554,"date":"2025-12-05T10:41:18","date_gmt":"2025-12-05T09:41:18","guid":{"rendered":"https:\/\/addenda.com\/?page_id=7554"},"modified":"2025-12-05T12:07:40","modified_gmt":"2025-12-05T11:07:40","slug":"pflegetipps-scaevola-fanfana","status":"publish","type":"page","link":"https:\/\/addenda.com\/de\/pflegetipps-scaevola-fanfana\/","title":{"rendered":"Scaevola FanFana\u00ae"},"content":{"rendered":"<h1><em>Scaevola FanFana\u00ae<\/em> \u2013 ein Fan von Sonne und Sommer!<\/h1>\n<p>Die F\u00e4cherblume Scaevola FanFana\u00ae ist eine wahre \u201eSonnenanbeterin\u201c. Diese hitzebest\u00e4ndige Pflanze bl\u00fcht \u00fcppig von Mai bis Oktober mit f\u00e4cherf\u00f6rmigen Bl\u00fcten in Violett, Blau, Wei\u00df und Rosa. Dank ihres kriechenden und h\u00e4ngenden Charakters ist sie perfekt f\u00fcr T\u00f6pfe, Rabatten oder als Bodendecker geeignet. Die FanFana\u00ae ist ein pflegeleichter, einj\u00e4hriger Sommerbl\u00fcher, der gerne in der vollen Sonne steht und Ihren Sommer sorgenfrei in Farbe taucht!<\/p>\n","protected":false},"excerpt":{"rendered":"<p>Scaevola FanFana\u00ae \u2013 ein Fan von Sonne und Sommer! Die F\u00e4cherblume Scaevola FanFana\u00ae ist eine wahre \u201eSonnenanbeterin\u201c. Diese hitzebest\u00e4ndige Pflanze bl\u00fcht \u00fcppig von Mai bis Oktober mit f\u00e4cherf\u00f6rmigen Bl\u00fcten in Violett, Blau, Wei\u00df und Rosa. Dank ihres kriechenden und h\u00e4ngenden Charakters ist sie perfekt f\u00fcr T\u00f6pfe, Rabatten oder als Bodendecker geeignet. Die FanFana\u00ae ist ein [&hellip;]<\/p>\n","protected":false},"author":1,"featured_media":1812,"parent":0,"menu_order":34,"comment_status":"closed","ping_status":"closed","template":"page-templates\/page-care_fanfana.php","meta":{"_acf_changed":false,"footnotes":""},"class_list":["post-7554","page","type-page","status-publish","has-post-thumbnail","hentry"],"acf":[],"_links":{"self":[{"href":"https:\/\/addenda.com\/de\/wp-json\/wp\/v2\/pages\/7554","targetHints":{"allow":["GET"]}}],"collection":[{"href":"https:\/\/addenda.com\/de\/wp-json\/wp\/v2\/pages"}],"about":[{"href":"https:\/\/addenda.com\/de\/wp-json\/wp\/v2\/types\/page"}],"author":[{"embeddable":true,"href":"https:\/\/addenda.com\/de\/wp-json\/wp\/v2\/users\/1"}],"replies":[{"embeddable":true,"href":"https:\/\/addenda.com\/de\/wp-json\/wp\/v2\/comments?post=7554"}],"version-history":[{"count":6,"href":"https:\/\/addenda.com\/de\/wp-json\/wp\/v2\/pages\/7554\/revisions"}],"predecessor-version":[{"id":7642,"href":"https:\/\/addenda.com\/de\/wp-json\/wp\/v2\/pages\/7554\/revisions\/7642"}],"wp:featuredmedia":[{"embeddable":true,"href":"https:\/\/addenda.com\/de\/wp-json\/wp\/v2\/media\/1812"}],"wp:attachment":[{"href":"https:\/\/addenda.com\/de\/wp-json\/wp\/v2\/media?parent=7554"}],"curies":[{"name":"wp","href":"https:\/\/api.w.org\/{rel}","templated":true}]}}