



{"id":4039,"date":"2024-01-11T13:50:35","date_gmt":"2024-01-11T12:50:35","guid":{"rendered":"https:\/\/addenda.com\/?page_id=4039"},"modified":"2024-01-18T12:16:17","modified_gmt":"2024-01-18T11:16:17","slug":"verleihbedingungen-des-addenda-bienenthrons","status":"publish","type":"page","link":"https:\/\/addenda.com\/de\/verleihbedingungen-des-addenda-bienenthrons\/","title":{"rendered":"Verleihbedingungen des Addenda\u00ae Bienenthrons"},"content":{"rendered":"<h1><strong>Verleihbedingungen<\/strong><strong> des Addenda\u00ae Bienenthrons <\/strong><\/h1>\n<ul>\n<li>Der Addenda\u00ae-Bijentroon (nachfolgend: Addenda\u00ae-Bienenthron) ist ein M\u00f6belst\u00fcck aus Holz und dient der Werbung f\u00fcr die Campanula von Addenda\u00ae und\/oder die Hebe von Addenda\u00ae in den Gartencentern.<\/li>\n<\/ul>\n<p>&nbsp;<\/p>\n<ul>\n<li>Der Addenda\u00ae-Bienenthron ist Eigentum von Addenda\u00ae und wird als Werbetr\u00e4ger f\u00fcr den Zeitraum, in dem Addenda\u00ae-Glockenblumen (Campanula) und\/oder Addenda\u00ae-Strauchveronikas (Hebe) verkauft werden, den Addenda\u00ae-Verkaufsstellen zur Verf\u00fcgung gestellt.<\/li>\n<li>Die Nutzung ist<strong> gratis<\/strong>. Ausgenommen sind die Transportkosten, sofern mit dem Leihnehmer nichts anderes vereinbart wurde.<\/li>\n<\/ul>\n<p><strong>Transport<\/strong><\/p>\n<ul>\n<li>Die Vertragspartei, die den \u201eAddenda-Bienenthron\u201c leiht, ist f\u00fcr den Transport selbst zust\u00e4ndig und tr\u00e4gt die damit verbundenen Kosten. Der Addenda\u00ae-Bienenthron ist an einer Adresse nahe der niederl\u00e4ndischen Region Westland erh\u00e4ltlich.<\/li>\n<\/ul>\n<p>&nbsp;<\/p>\n<ul>\n<li>Die Termine f\u00fcr die Annahme und die R\u00fcckgabe stimmt Addenda mit dem Leihnehmer ab.<\/li>\n<\/ul>\n<p><strong>Haftung<\/strong><\/p>\n<ul>\n<li>Addenda\u00ae kann nicht haftbar gemacht werden, wenn der Addenda\u00ae-Bienenthron durch Umst\u00e4nde nicht lieferbar oder verf\u00fcgbar ist, w\u00e4hrend dieser vom Leihnehmer reserviert worden war.<\/li>\n<li>Addenda\u00ae haftet nicht f\u00fcr eventuelle Sch\u00e4den am Bienenthron w\u00e4hrend der Leihdauer. Das leihende Gartencenter ist f\u00fcr die sorgf\u00e4ltige Benutzung und den Schutz des Stuhls w\u00e4hrend der Leihdauer verantwortlich.<\/li>\n<li>Im Falle einer Besch\u00e4digung am Bienenthron w\u00e4hrend der Leihdauer muss das Gartencenter Addenda\u00ae so schnell wie m\u00f6glich informieren und die Reparaturkosten \u00fcbernehmen. Die Reparatur wird von Addenda\u00ae durchgef\u00fchrt. Wenn der Schaden so gravierend ist, dass der Stuhl nicht mehr wiederhergestellt werden kann, ist das Gartencenter verpflichtet, Addenda den gesamten Wiederbeschaffungswert des Stuhls zu erstatten.<\/li>\n<li>Nach Ablauf der vereinbarten Leihdauer erh\u00e4lt Addenda den Addenda\u00ae-Bienenthron vom Gartencenter in demselben Zustand zur\u00fcck, in dem er sich zu Beginn der Leihdauer befand.<\/li>\n<\/ul>\n<p><strong>Leihdauer<\/strong><\/p>\n<ul>\n<li>Die Leihdauer f\u00fcr den Addenda\u00ae-Bienenthron betr\u00e4gt eine ganze Woche von 7 Tagen und wird wie folgt festgelegt, sofern mit dem Leihnehmer nichts anderes vereinbart wurde:\n<ul>\n<li>Der Addenda\u00ae-Bienenthron kann an einem Dienstag abgeholt werden.<\/li>\n<li>Der Addenda\u00ae-Bienenthron muss am Montag der darauffolgenden Woche zur\u00fcckgegeben werden.<\/li>\n<\/ul>\n<\/li>\n<\/ul>\n<p>&nbsp;<\/p>\n<ul>\n<li>Sollte die vereinbarte Leihdauer nicht eingehalten und der Addenda\u00ae-Bienenthron nicht rechtzeitig zur\u00fcckgegeben werden, sind wir gezwungen, eine Geb\u00fchr von 50 Euro pro Tag f\u00fcr die verl\u00e4ngerte Leihdauer ab dem Tag nach dem vereinbarten R\u00fcckgabedatum zu berechnen.<\/li>\n<li>Abweichungen von den vereinbarten Abhol- und R\u00fcckgabetagen m\u00fcssen im Vorfeld zwischen Addenda und dem leihenden Gartencenter gekl\u00e4rt werden.<\/li>\n<\/ul>\n<p>&nbsp;<\/p>\n<p>&nbsp;<\/p>\n","protected":false},"excerpt":{"rendered":"<p>Verleihbedingungen des Addenda\u00ae Bienenthrons Der Addenda\u00ae-Bijentroon (nachfolgend: Addenda\u00ae-Bienenthron) ist ein M\u00f6belst\u00fcck aus Holz und dient der Werbung f\u00fcr die Campanula von Addenda\u00ae und\/oder die Hebe von Addenda\u00ae in den Gartencentern. &nbsp; Der Addenda\u00ae-Bienenthron ist Eigentum von Addenda\u00ae und wird als Werbetr\u00e4ger f\u00fcr den Zeitraum, in dem Addenda\u00ae-Glockenblumen (Campanula) und\/oder Addenda\u00ae-Strauchveronikas (Hebe) verkauft werden, den Addenda\u00ae-Verkaufsstellen [&hellip;]<\/p>\n","protected":false},"author":1,"featured_media":0,"parent":0,"menu_order":0,"comment_status":"closed","ping_status":"closed","template":"","meta":{"_acf_changed":false,"footnotes":""},"class_list":["post-4039","page","type-page","status-publish","hentry"],"acf":[],"_links":{"self":[{"href":"https:\/\/addenda.com\/de\/wp-json\/wp\/v2\/pages\/4039","targetHints":{"allow":["GET"]}}],"collection":[{"href":"https:\/\/addenda.com\/de\/wp-json\/wp\/v2\/pages"}],"about":[{"href":"https:\/\/addenda.com\/de\/wp-json\/wp\/v2\/types\/page"}],"author":[{"embeddable":true,"href":"https:\/\/addenda.com\/de\/wp-json\/wp\/v2\/users\/1"}],"replies":[{"embeddable":true,"href":"https:\/\/addenda.com\/de\/wp-json\/wp\/v2\/comments?post=4039"}],"version-history":[{"count":3,"href":"https:\/\/addenda.com\/de\/wp-json\/wp\/v2\/pages\/4039\/revisions"}],"predecessor-version":[{"id":4042,"href":"https:\/\/addenda.com\/de\/wp-json\/wp\/v2\/pages\/4039\/revisions\/4042"}],"wp:attachment":[{"href":"https:\/\/addenda.com\/de\/wp-json\/wp\/v2\/media?parent=4039"}],"curies":[{"name":"wp","href":"https:\/\/api.w.org\/{rel}","templated":true}]}}