



{"id":4022,"date":"2024-01-02T12:22:37","date_gmt":"2024-01-02T11:22:37","guid":{"rendered":"https:\/\/addenda.com\/?page_id=4022"},"modified":"2025-01-16T16:13:59","modified_gmt":"2025-01-16T15:13:59","slug":"bienenthron","status":"publish","type":"page","link":"https:\/\/addenda.com\/de\/b2b\/bienenthron\/","title":{"rendered":"Bienenthron"},"content":{"rendered":"<h2 style=\"text-align: center;\">Be(e) King or Queen auf dem Addenda\u00ae <em>Bienenthron<\/em><\/h2>\n<p class=\"mw-70-p\" style=\"text-align: center;\">Verzaubern Sie Ihre Kunden mit einem einzigartigen Foto-Erlebnis und animieren Sie sie, ihren Au\u00dfenbereich gr\u00fcn zu gestalten und die Artenvielfalt zu verbessern. Dies l\u00e4sst sich mit lang bl\u00fchenden und kr\u00e4ftigen Gartenpflanzen, die viele Bienen und andere Insekten anlocken, wie Campanula und Hebe von Addenda\u00ae, ganz einfach umsetzen. Der Bienenthron ist ein ansprechender Werbetr\u00e4ger, mit dem Sie in Ihrem Gartencenter die bl\u00fchenden Pflanzen von Addenda\u00ae sowie die Artenvielfalt in den Vordergrund stellen k\u00f6nnen!<\/p>\n<p><img loading=\"lazy\" decoding=\"async\" class=\"size-full wp-image-3937 aligncenter\" src=\"https:\/\/addenda.com\/wp-content\/uploads\/2024\/01\/Hans-en-Niels-op-Addenda-bijentroon.jpg\" alt=\"\" width=\"1620\" height=\"1080\" srcset=\"https:\/\/addenda.com\/wp-content\/uploads\/2024\/01\/Hans-en-Niels-op-Addenda-bijentroon.jpg 1620w, https:\/\/addenda.com\/wp-content\/uploads\/2024\/01\/Hans-en-Niels-op-Addenda-bijentroon-300x200.jpg 300w, https:\/\/addenda.com\/wp-content\/uploads\/2024\/01\/Hans-en-Niels-op-Addenda-bijentroon-1024x683.jpg 1024w, https:\/\/addenda.com\/wp-content\/uploads\/2024\/01\/Hans-en-Niels-op-Addenda-bijentroon-768x512.jpg 768w, https:\/\/addenda.com\/wp-content\/uploads\/2024\/01\/Hans-en-Niels-op-Addenda-bijentroon-1536x1024.jpg 1536w, https:\/\/addenda.com\/wp-content\/uploads\/2024\/01\/Hans-en-Niels-op-Addenda-bijentroon-600x400.jpg 600w\" sizes=\"auto, (max-width: 1620px) 100vw, 1620px\" \/><\/p>\n","protected":false},"excerpt":{"rendered":"<p>Be(e) King or Queen auf dem Addenda\u00ae Bienenthron Verzaubern Sie Ihre Kunden mit einem einzigartigen Foto-Erlebnis und animieren Sie sie, ihren Au\u00dfenbereich gr\u00fcn zu gestalten und die Artenvielfalt zu verbessern. Dies l\u00e4sst sich mit lang bl\u00fchenden und kr\u00e4ftigen Gartenpflanzen, die viele Bienen und andere Insekten anlocken, wie Campanula und Hebe von Addenda\u00ae, ganz einfach umsetzen. [&hellip;]<\/p>\n","protected":false},"author":1,"featured_media":6954,"parent":2052,"menu_order":0,"comment_status":"closed","ping_status":"closed","template":"page-templates\/page-b2b_support4.php","meta":{"_acf_changed":false,"footnotes":""},"class_list":["post-4022","page","type-page","status-publish","has-post-thumbnail","hentry"],"acf":[],"_links":{"self":[{"href":"https:\/\/addenda.com\/de\/wp-json\/wp\/v2\/pages\/4022","targetHints":{"allow":["GET"]}}],"collection":[{"href":"https:\/\/addenda.com\/de\/wp-json\/wp\/v2\/pages"}],"about":[{"href":"https:\/\/addenda.com\/de\/wp-json\/wp\/v2\/types\/page"}],"author":[{"embeddable":true,"href":"https:\/\/addenda.com\/de\/wp-json\/wp\/v2\/users\/1"}],"replies":[{"embeddable":true,"href":"https:\/\/addenda.com\/de\/wp-json\/wp\/v2\/comments?post=4022"}],"version-history":[{"count":3,"href":"https:\/\/addenda.com\/de\/wp-json\/wp\/v2\/pages\/4022\/revisions"}],"predecessor-version":[{"id":6955,"href":"https:\/\/addenda.com\/de\/wp-json\/wp\/v2\/pages\/4022\/revisions\/6955"}],"up":[{"embeddable":true,"href":"https:\/\/addenda.com\/de\/wp-json\/wp\/v2\/pages\/2052"}],"wp:featuredmedia":[{"embeddable":true,"href":"https:\/\/addenda.com\/de\/wp-json\/wp\/v2\/media\/6954"}],"wp:attachment":[{"href":"https:\/\/addenda.com\/de\/wp-json\/wp\/v2\/media?parent=4022"}],"curies":[{"name":"wp","href":"https:\/\/api.w.org\/{rel}","templated":true}]}}