



{"id":2517,"date":"2022-12-21T14:44:09","date_gmt":"2022-12-21T13:44:09","guid":{"rendered":"https:\/\/addenda.com\/campanula-addenda\/"},"modified":"2023-02-15T11:04:49","modified_gmt":"2023-02-15T10:04:49","slug":"campanula-addenda","status":"publish","type":"page","link":"https:\/\/addenda.com\/de\/campanula-addenda\/","title":{"rendered":"Campanula Addenda\u00ae"},"content":{"rendered":"<h2><em>Campanula<\/em> Addenda\u00ae<\/h2>\n<p>Glockenblumen bl\u00fchen mehrmals im Jahr, wochenlang, und sind winterhart. Da die Pflanze lang und immer wieder aufs Neue bl\u00fcht, sind Bienen von M\u00e4rz bis Ende Oktober gut mit Nahrung versorgt. Aufgrund der verschiedenen Varianten und Farben passen Glockenblumen in jeden Garten.<\/p>\n","protected":false},"excerpt":{"rendered":"<p>Campanula Addenda\u00ae Glockenblumen bl\u00fchen mehrmals im Jahr, wochenlang, und sind winterhart. Da die Pflanze lang und immer wieder aufs Neue bl\u00fcht, sind Bienen von M\u00e4rz bis Ende Oktober gut mit Nahrung versorgt. Aufgrund der verschiedenen Varianten und Farben passen Glockenblumen in jeden Garten.<\/p>\n","protected":false},"author":1,"featured_media":1702,"parent":0,"menu_order":43,"comment_status":"closed","ping_status":"closed","template":"page-templates\/page-our_plants_campanula.php","meta":{"_acf_changed":false,"footnotes":""},"class_list":["post-2517","page","type-page","status-publish","has-post-thumbnail","hentry"],"acf":[],"_links":{"self":[{"href":"https:\/\/addenda.com\/de\/wp-json\/wp\/v2\/pages\/2517","targetHints":{"allow":["GET"]}}],"collection":[{"href":"https:\/\/addenda.com\/de\/wp-json\/wp\/v2\/pages"}],"about":[{"href":"https:\/\/addenda.com\/de\/wp-json\/wp\/v2\/types\/page"}],"author":[{"embeddable":true,"href":"https:\/\/addenda.com\/de\/wp-json\/wp\/v2\/users\/1"}],"replies":[{"embeddable":true,"href":"https:\/\/addenda.com\/de\/wp-json\/wp\/v2\/comments?post=2517"}],"version-history":[{"count":9,"href":"https:\/\/addenda.com\/de\/wp-json\/wp\/v2\/pages\/2517\/revisions"}],"predecessor-version":[{"id":2548,"href":"https:\/\/addenda.com\/de\/wp-json\/wp\/v2\/pages\/2517\/revisions\/2548"}],"wp:featuredmedia":[{"embeddable":true,"href":"https:\/\/addenda.com\/de\/wp-json\/wp\/v2\/media\/1702"}],"wp:attachment":[{"href":"https:\/\/addenda.com\/de\/wp-json\/wp\/v2\/media?parent=2517"}],"curies":[{"name":"wp","href":"https:\/\/api.w.org\/{rel}","templated":true}]}}