



{"id":2147,"date":"2023-01-20T15:14:27","date_gmt":"2023-01-20T14:14:27","guid":{"rendered":"https:\/\/addenda.com\/b2b\/login-media-library\/"},"modified":"2023-02-13T15:02:01","modified_gmt":"2023-02-13T14:02:01","slug":"media-library-anmelden","status":"publish","type":"page","link":"https:\/\/addenda.com\/de\/b2b\/media-library-anmelden\/","title":{"rendered":"Media Library Anmelden"},"content":{"rendered":"<h2>Jede Saison Zugang zum neuesten <em>Content<\/em><\/h2>\n<p>In der Addenda\u00ae Media Library k\u00f6nnen Sie eine gro\u00dfe Kollektion an wundersch\u00f6nen Stimmungsbildern, Produktfotos, Brosch\u00fcren und Angebotslisten herunterladen. Au\u00dferdem k\u00f6nnen Sie einfach POS-Material von Addenda\u00ae bestellen. Jede Saison bekommen Sie Zugang zum neuesten Addenda\u00ae-Inhalt.<\/p>\n","protected":false},"excerpt":{"rendered":"<p>Jede Saison Zugang zum neuesten Content In der Addenda\u00ae Media Library k\u00f6nnen Sie eine gro\u00dfe Kollektion an wundersch\u00f6nen Stimmungsbildern, Produktfotos, Brosch\u00fcren und Angebotslisten herunterladen. Au\u00dferdem k\u00f6nnen Sie einfach POS-Material von Addenda\u00ae bestellen. Jede Saison bekommen Sie Zugang zum neuesten Addenda\u00ae-Inhalt.<\/p>\n","protected":false},"author":1,"featured_media":0,"parent":2052,"menu_order":5091,"comment_status":"closed","ping_status":"closed","template":"page-templates\/page-b2b_media_login.php","meta":{"_acf_changed":false,"footnotes":""},"class_list":["post-2147","page","type-page","status-publish","hentry"],"acf":[],"_links":{"self":[{"href":"https:\/\/addenda.com\/de\/wp-json\/wp\/v2\/pages\/2147","targetHints":{"allow":["GET"]}}],"collection":[{"href":"https:\/\/addenda.com\/de\/wp-json\/wp\/v2\/pages"}],"about":[{"href":"https:\/\/addenda.com\/de\/wp-json\/wp\/v2\/types\/page"}],"author":[{"embeddable":true,"href":"https:\/\/addenda.com\/de\/wp-json\/wp\/v2\/users\/1"}],"replies":[{"embeddable":true,"href":"https:\/\/addenda.com\/de\/wp-json\/wp\/v2\/comments?post=2147"}],"version-history":[{"count":4,"href":"https:\/\/addenda.com\/de\/wp-json\/wp\/v2\/pages\/2147\/revisions"}],"predecessor-version":[{"id":2153,"href":"https:\/\/addenda.com\/de\/wp-json\/wp\/v2\/pages\/2147\/revisions\/2153"}],"up":[{"embeddable":true,"href":"https:\/\/addenda.com\/de\/wp-json\/wp\/v2\/pages\/2052"}],"wp:attachment":[{"href":"https:\/\/addenda.com\/de\/wp-json\/wp\/v2\/media?parent=2147"}],"curies":[{"name":"wp","href":"https:\/\/api.w.org\/{rel}","templated":true}]}}