



{"id":2146,"date":"2023-01-20T14:39:30","date_gmt":"2023-01-20T13:39:30","guid":{"rendered":"https:\/\/addenda.com\/b2b\/registrierung-fuer-die-media-library\/"},"modified":"2023-02-23T10:43:23","modified_gmt":"2023-02-23T09:43:23","slug":"registrierung-fuer-die-media-library","status":"publish","type":"page","link":"https:\/\/addenda.com\/de\/b2b\/registrierung-fuer-die-media-library\/","title":{"rendered":"Registrierung f\u00fcr die Media Library"},"content":{"rendered":"<h2>Registrierung f\u00fcr die Addenda\u00ae <em>Media Library<\/em><\/h2>\n<p>In der Addenda\u00ae Media Library k\u00f6nnen Sie eine gro\u00dfe Kollektion an wundersch\u00f6nen Stimmungsbildern, Produktfotos, Brosch\u00fcren und Angebotslisten herunterladen. Au\u00dferdem k\u00f6nnen Sie einfach POS-Material von Addenda\u00ae bestellen. Jede Saison bekommen Sie Zugang zum neuesten Addenda\u00ae-Inhalt.<\/p>\n","protected":false},"excerpt":{"rendered":"<p>Registrierung f\u00fcr die Addenda\u00ae Media Library In der Addenda\u00ae Media Library k\u00f6nnen Sie eine gro\u00dfe Kollektion an wundersch\u00f6nen Stimmungsbildern, Produktfotos, Brosch\u00fcren und Angebotslisten herunterladen. Au\u00dferdem k\u00f6nnen Sie einfach POS-Material von Addenda\u00ae bestellen. Jede Saison bekommen Sie Zugang zum neuesten Addenda\u00ae-Inhalt.<\/p>\n","protected":false},"author":1,"featured_media":1938,"parent":2052,"menu_order":5090,"comment_status":"closed","ping_status":"closed","template":"page-templates\/page-b2b_media_registration.php","meta":{"_acf_changed":false,"footnotes":""},"class_list":["post-2146","page","type-page","status-publish","has-post-thumbnail","hentry"],"acf":[],"_links":{"self":[{"href":"https:\/\/addenda.com\/de\/wp-json\/wp\/v2\/pages\/2146","targetHints":{"allow":["GET"]}}],"collection":[{"href":"https:\/\/addenda.com\/de\/wp-json\/wp\/v2\/pages"}],"about":[{"href":"https:\/\/addenda.com\/de\/wp-json\/wp\/v2\/types\/page"}],"author":[{"embeddable":true,"href":"https:\/\/addenda.com\/de\/wp-json\/wp\/v2\/users\/1"}],"replies":[{"embeddable":true,"href":"https:\/\/addenda.com\/de\/wp-json\/wp\/v2\/comments?post=2146"}],"version-history":[{"count":1,"href":"https:\/\/addenda.com\/de\/wp-json\/wp\/v2\/pages\/2146\/revisions"}],"predecessor-version":[{"id":3278,"href":"https:\/\/addenda.com\/de\/wp-json\/wp\/v2\/pages\/2146\/revisions\/3278"}],"up":[{"embeddable":true,"href":"https:\/\/addenda.com\/de\/wp-json\/wp\/v2\/pages\/2052"}],"wp:featuredmedia":[{"embeddable":true,"href":"https:\/\/addenda.com\/de\/wp-json\/wp\/v2\/media\/1938"}],"wp:attachment":[{"href":"https:\/\/addenda.com\/de\/wp-json\/wp\/v2\/media?parent=2146"}],"curies":[{"name":"wp","href":"https:\/\/api.w.org\/{rel}","templated":true}]}}