



{"id":2068,"date":"2023-01-17T17:16:45","date_gmt":"2023-01-17T16:16:45","guid":{"rendered":"https:\/\/addenda.com\/b2b\/unterstutzung-fur-gartencenter\/"},"modified":"2025-10-30T16:08:19","modified_gmt":"2025-10-30T15:08:19","slug":"unterstutzung-fur-gartencenter","status":"publish","type":"page","link":"https:\/\/addenda.com\/de\/b2b\/unterstutzung-fur-gartencenter\/","title":{"rendered":"Unterst\u00fctzung f\u00fcr Gartencenter"},"content":{"rendered":"<h2>Unterst\u00fctzung f\u00fcr <em>Gartencenter<\/em><\/h2>\n","protected":false},"excerpt":{"rendered":"<p>Unterst\u00fctzung f\u00fcr Gartencenter<\/p>\n","protected":false},"author":1,"featured_media":4781,"parent":2052,"menu_order":5020,"comment_status":"closed","ping_status":"closed","template":"page-templates\/page-b2b_support1.php","meta":{"_acf_changed":false,"footnotes":""},"class_list":["post-2068","page","type-page","status-publish","has-post-thumbnail","hentry"],"acf":[],"_links":{"self":[{"href":"https:\/\/addenda.com\/de\/wp-json\/wp\/v2\/pages\/2068","targetHints":{"allow":["GET"]}}],"collection":[{"href":"https:\/\/addenda.com\/de\/wp-json\/wp\/v2\/pages"}],"about":[{"href":"https:\/\/addenda.com\/de\/wp-json\/wp\/v2\/types\/page"}],"author":[{"embeddable":true,"href":"https:\/\/addenda.com\/de\/wp-json\/wp\/v2\/users\/1"}],"replies":[{"embeddable":true,"href":"https:\/\/addenda.com\/de\/wp-json\/wp\/v2\/comments?post=2068"}],"version-history":[{"count":4,"href":"https:\/\/addenda.com\/de\/wp-json\/wp\/v2\/pages\/2068\/revisions"}],"predecessor-version":[{"id":7510,"href":"https:\/\/addenda.com\/de\/wp-json\/wp\/v2\/pages\/2068\/revisions\/7510"}],"up":[{"embeddable":true,"href":"https:\/\/addenda.com\/de\/wp-json\/wp\/v2\/pages\/2052"}],"wp:featuredmedia":[{"embeddable":true,"href":"https:\/\/addenda.com\/de\/wp-json\/wp\/v2\/media\/4781"}],"wp:attachment":[{"href":"https:\/\/addenda.com\/de\/wp-json\/wp\/v2\/media?parent=2068"}],"curies":[{"name":"wp","href":"https:\/\/api.w.org\/{rel}","templated":true}]}}