



{"id":2033,"date":"2022-12-15T11:10:05","date_gmt":"2022-12-15T10:10:05","guid":{"rendered":"https:\/\/addenda.com\/kwekers\/"},"modified":"2025-10-15T11:59:08","modified_gmt":"2025-10-15T09:59:08","slug":"unsere-erzeuger","status":"publish","type":"page","link":"https:\/\/addenda.com\/de\/unsere-erzeuger\/","title":{"rendered":"Unsere erzeuger"},"content":{"rendered":"<h2><strong>Mit Sorgfalt <\/strong><em>gez\u00fcchtet<\/em><\/h2>\n<p>Mit fachlichem K\u00f6nnen und Leidenschaft erzeugen unsere G\u00e4rtnereien \u00fcber 8.000.000 Pflanzen j\u00e4hrlich. Gemeinsam mit einer Gruppe von 16 fortschrittlichen Erzeugern in den Niederlanden und Belgien sowie 5 Erzeugern im Rest Europas erzeugt Addenda\u00ae qualitativ hochwertige Pflanzen. Durch lokale Produktion in Deutschland, Frankreich, Gro\u00dfbritannien und Italien verk\u00fcrzen wir die Lieferkette. Da weniger Transportkilometer anfallen, sind die lokal produzierten Produkte weniger belastend f\u00fcr das Klima.<\/p>\n<p>Das Sortiment von Addenda\u00ae besteht aus zwei Produkten und verschiedenen Produktgruppen:<\/p>\n","protected":false},"excerpt":{"rendered":"<p>Mit Sorgfalt gez\u00fcchtet Mit fachlichem K\u00f6nnen und Leidenschaft erzeugen unsere G\u00e4rtnereien \u00fcber 8.000.000 Pflanzen j\u00e4hrlich. Gemeinsam mit einer Gruppe von 16 fortschrittlichen Erzeugern in den Niederlanden und Belgien sowie 5 Erzeugern im Rest Europas erzeugt Addenda\u00ae qualitativ hochwertige Pflanzen. Durch lokale Produktion in Deutschland, Frankreich, Gro\u00dfbritannien und Italien verk\u00fcrzen wir die Lieferkette. Da weniger Transportkilometer [&hellip;]<\/p>\n","protected":false},"author":1,"featured_media":1640,"parent":0,"menu_order":65,"comment_status":"closed","ping_status":"closed","template":"page-templates\/page-growers.php","meta":{"_acf_changed":false,"footnotes":""},"class_list":["post-2033","page","type-page","status-publish","has-post-thumbnail","hentry"],"acf":[],"_links":{"self":[{"href":"https:\/\/addenda.com\/de\/wp-json\/wp\/v2\/pages\/2033","targetHints":{"allow":["GET"]}}],"collection":[{"href":"https:\/\/addenda.com\/de\/wp-json\/wp\/v2\/pages"}],"about":[{"href":"https:\/\/addenda.com\/de\/wp-json\/wp\/v2\/types\/page"}],"author":[{"embeddable":true,"href":"https:\/\/addenda.com\/de\/wp-json\/wp\/v2\/users\/1"}],"replies":[{"embeddable":true,"href":"https:\/\/addenda.com\/de\/wp-json\/wp\/v2\/comments?post=2033"}],"version-history":[{"count":4,"href":"https:\/\/addenda.com\/de\/wp-json\/wp\/v2\/pages\/2033\/revisions"}],"predecessor-version":[{"id":7337,"href":"https:\/\/addenda.com\/de\/wp-json\/wp\/v2\/pages\/2033\/revisions\/7337"}],"wp:featuredmedia":[{"embeddable":true,"href":"https:\/\/addenda.com\/de\/wp-json\/wp\/v2\/media\/1640"}],"wp:attachment":[{"href":"https:\/\/addenda.com\/de\/wp-json\/wp\/v2\/media?parent=2033"}],"curies":[{"name":"wp","href":"https:\/\/api.w.org\/{rel}","templated":true}]}}