



{"id":2018,"date":"2022-12-16T10:55:53","date_gmt":"2022-12-16T09:55:53","guid":{"rendered":"https:\/\/addenda.com\/verkaufsstellen\/"},"modified":"2025-10-30T15:55:50","modified_gmt":"2025-10-30T14:55:50","slug":"verkaufsstellen","status":"publish","type":"page","link":"https:\/\/addenda.com\/de\/verkaufsstellen\/","title":{"rendered":"Verkaufsstellen"},"content":{"rendered":"<h2><em>Wo<\/em> ist Addenda<sup>\u00ae<\/sup> erh\u00e4ltlich?<\/h2>\n<p>D<span class=\"TextRun SCXW21709770 BCX8\" lang=\"DE-DE\" xml:lang=\"DE-DE\" data-contrast=\"auto\"><span class=\"NormalTextRun SCXW21709770 BCX8\">Die Pflanzen von Addenda\u00ae sind in ganz Europa erh\u00e4ltlich.<\/span><\/span><span class=\"EOP SCXW21709770 BCX8\" data-ccp-props=\"{}\">\u00a0<\/span> Addenda\u00ae hat neben niederl\u00e4ndischen und belgischen Erzeugern auch Erzeuger im restlichen Europa: in Deutschland, Frankreich, Gro\u00dfbritannien und Italien. So k\u00f6nnen wir in ganz Europa lokal erzeugte Addenda\u00ae-Pflanzen anbieten.<\/p>\n","protected":false},"excerpt":{"rendered":"<p>Wo ist Addenda\u00ae erh\u00e4ltlich? DDie Pflanzen von Addenda\u00ae sind in ganz Europa erh\u00e4ltlich.\u00a0 Addenda\u00ae hat neben niederl\u00e4ndischen und belgischen Erzeugern auch Erzeuger im restlichen Europa: in Deutschland, Frankreich, Gro\u00dfbritannien und Italien. So k\u00f6nnen wir in ganz Europa lokal erzeugte Addenda\u00ae-Pflanzen anbieten.<\/p>\n","protected":false},"author":1,"featured_media":7325,"parent":0,"menu_order":55,"comment_status":"closed","ping_status":"closed","template":"page-templates\/page-sales-points.php","meta":{"_acf_changed":false,"footnotes":""},"class_list":["post-2018","page","type-page","status-publish","has-post-thumbnail","hentry"],"acf":[],"_links":{"self":[{"href":"https:\/\/addenda.com\/de\/wp-json\/wp\/v2\/pages\/2018","targetHints":{"allow":["GET"]}}],"collection":[{"href":"https:\/\/addenda.com\/de\/wp-json\/wp\/v2\/pages"}],"about":[{"href":"https:\/\/addenda.com\/de\/wp-json\/wp\/v2\/types\/page"}],"author":[{"embeddable":true,"href":"https:\/\/addenda.com\/de\/wp-json\/wp\/v2\/users\/1"}],"replies":[{"embeddable":true,"href":"https:\/\/addenda.com\/de\/wp-json\/wp\/v2\/comments?post=2018"}],"version-history":[{"count":2,"href":"https:\/\/addenda.com\/de\/wp-json\/wp\/v2\/pages\/2018\/revisions"}],"predecessor-version":[{"id":7498,"href":"https:\/\/addenda.com\/de\/wp-json\/wp\/v2\/pages\/2018\/revisions\/7498"}],"wp:featuredmedia":[{"embeddable":true,"href":"https:\/\/addenda.com\/de\/wp-json\/wp\/v2\/media\/7325"}],"wp:attachment":[{"href":"https:\/\/addenda.com\/de\/wp-json\/wp\/v2\/media?parent=2018"}],"curies":[{"name":"wp","href":"https:\/\/api.w.org\/{rel}","templated":true}]}}