



{"id":2014,"date":"2022-12-21T14:44:47","date_gmt":"2022-12-21T13:44:47","guid":{"rendered":"https:\/\/addenda.com\/hebe-addenda\/"},"modified":"2025-12-01T10:50:54","modified_gmt":"2025-12-01T09:50:54","slug":"hebe-addenda","status":"publish","type":"page","link":"https:\/\/addenda.com\/de\/hebe-addenda\/","title":{"rendered":"Hebe Addenda\u00ae"},"content":{"rendered":"<h2><em>Hebe<\/em> Addenda\u00ae<\/h2>\n<p>Mit Hebe haben Sie 150 Tage lang Freude an der Bl\u00fcte.\u00a0So k\u00f6nnen Sie die (letzten) herrlichen Sommertage in vollen Z\u00fcgen genie\u00dfen. Ein farbenpr\u00e4chtiger Hingucker f\u00fcr die Terrasse in einem h\u00fcbschen Topf oder als dekoratives Element in der Blumenrabatte im Garten. Ganz gleich, ob Sie es klassisch oder elegant, romantisch oder modern m\u00f6gen: Es gibt immer eine Hebe f\u00fcr Sie! Durch ihre vielen Sorten, Gr\u00f6\u00dfen und Farben ist sie eine wunderbare Pflanze, die jeden Garten versch\u00f6nert.<\/p>\n","protected":false},"excerpt":{"rendered":"<p>Hebe Addenda\u00ae Mit Hebe haben Sie 150 Tage lang Freude an der Bl\u00fcte.\u00a0So k\u00f6nnen Sie die (letzten) herrlichen Sommertage in vollen Z\u00fcgen genie\u00dfen. Ein farbenpr\u00e4chtiger Hingucker f\u00fcr die Terrasse in einem h\u00fcbschen Topf oder als dekoratives Element in der Blumenrabatte im Garten. Ganz gleich, ob Sie es klassisch oder elegant, romantisch oder modern m\u00f6gen: Es [&hellip;]<\/p>\n","protected":false},"author":1,"featured_media":1938,"parent":0,"menu_order":46,"comment_status":"closed","ping_status":"closed","template":"page-templates\/page-our_plants_hebe.php","meta":{"_acf_changed":false,"footnotes":""},"class_list":["post-2014","page","type-page","status-publish","has-post-thumbnail","hentry"],"acf":[],"_links":{"self":[{"href":"https:\/\/addenda.com\/de\/wp-json\/wp\/v2\/pages\/2014","targetHints":{"allow":["GET"]}}],"collection":[{"href":"https:\/\/addenda.com\/de\/wp-json\/wp\/v2\/pages"}],"about":[{"href":"https:\/\/addenda.com\/de\/wp-json\/wp\/v2\/types\/page"}],"author":[{"embeddable":true,"href":"https:\/\/addenda.com\/de\/wp-json\/wp\/v2\/users\/1"}],"replies":[{"embeddable":true,"href":"https:\/\/addenda.com\/de\/wp-json\/wp\/v2\/comments?post=2014"}],"version-history":[{"count":8,"href":"https:\/\/addenda.com\/de\/wp-json\/wp\/v2\/pages\/2014\/revisions"}],"predecessor-version":[{"id":7541,"href":"https:\/\/addenda.com\/de\/wp-json\/wp\/v2\/pages\/2014\/revisions\/7541"}],"wp:featuredmedia":[{"embeddable":true,"href":"https:\/\/addenda.com\/de\/wp-json\/wp\/v2\/media\/1938"}],"wp:attachment":[{"href":"https:\/\/addenda.com\/de\/wp-json\/wp\/v2\/media?parent=2014"}],"curies":[{"name":"wp","href":"https:\/\/api.w.org\/{rel}","templated":true}]}}