



{"id":1996,"date":"2022-12-19T10:28:48","date_gmt":"2022-12-19T09:28:48","guid":{"rendered":"https:\/\/addenda.com\/inspirationen\/"},"modified":"2022-12-19T10:28:48","modified_gmt":"2022-12-19T09:28:48","slug":"inspirationen","status":"publish","type":"page","link":"https:\/\/addenda.com\/de\/inspirationen\/","title":{"rendered":"Inspirationen"},"content":{"rendered":"<h2>Jede Menge <em>Tipps<\/em> &amp; <em>Inspirationen<\/em><\/h2>\n<h3>Mehr Biodiversit\u00e4t im Garten! Sind Sie dabei?<\/h3>\n<p>Addenda\u00ae m\u00f6chte Sie gerne mit gr\u00fcnen Tipps dazu inspirieren, Ihren Garten oder Balkon in einen Wohlf\u00fchlort f\u00fcr Sie selbst und m\u00f6glichst viele Arten von Pflanzen, Tieren, Insekten und anderen Organismen zu verwandeln. G\u00e4rtnern ist nicht nur gut f\u00fcr die Natur, sondern auch eine sch\u00f6ne Besch\u00e4ftigung und sehr gesund! Wer erfreut sich schlie\u00dflich nicht an einem farbenfrohen Garten voller Leben? Machen Sie Ihren Garten oder Balkon noch sch\u00f6ner und gr\u00fcner!<\/p>\n","protected":false},"excerpt":{"rendered":"<p>Jede Menge Tipps &amp; Inspirationen Mehr Biodiversit\u00e4t im Garten! Sind Sie dabei? Addenda\u00ae m\u00f6chte Sie gerne mit gr\u00fcnen Tipps dazu inspirieren, Ihren Garten oder Balkon in einen Wohlf\u00fchlort f\u00fcr Sie selbst und m\u00f6glichst viele Arten von Pflanzen, Tieren, Insekten und anderen Organismen zu verwandeln. G\u00e4rtnern ist nicht nur gut f\u00fcr die Natur, sondern auch eine [&hellip;]<\/p>\n","protected":false},"author":1,"featured_media":1724,"parent":0,"menu_order":20,"comment_status":"closed","ping_status":"closed","template":"page-templates\/page-news.php","meta":{"_acf_changed":false,"footnotes":""},"class_list":["post-1996","page","type-page","status-publish","has-post-thumbnail","hentry"],"acf":[],"_links":{"self":[{"href":"https:\/\/addenda.com\/de\/wp-json\/wp\/v2\/pages\/1996","targetHints":{"allow":["GET"]}}],"collection":[{"href":"https:\/\/addenda.com\/de\/wp-json\/wp\/v2\/pages"}],"about":[{"href":"https:\/\/addenda.com\/de\/wp-json\/wp\/v2\/types\/page"}],"author":[{"embeddable":true,"href":"https:\/\/addenda.com\/de\/wp-json\/wp\/v2\/users\/1"}],"replies":[{"embeddable":true,"href":"https:\/\/addenda.com\/de\/wp-json\/wp\/v2\/comments?post=1996"}],"version-history":[{"count":0,"href":"https:\/\/addenda.com\/de\/wp-json\/wp\/v2\/pages\/1996\/revisions"}],"wp:featuredmedia":[{"embeddable":true,"href":"https:\/\/addenda.com\/de\/wp-json\/wp\/v2\/media\/1724"}],"wp:attachment":[{"href":"https:\/\/addenda.com\/de\/wp-json\/wp\/v2\/media?parent=1996"}],"curies":[{"name":"wp","href":"https:\/\/api.w.org\/{rel}","templated":true}]}}